{"id":3383,"date":"2022-04-13T05:06:02","date_gmt":"2022-04-13T05:06:02","guid":{"rendered":"http:\/\/www.kentigen.com\/uvod-english\/"},"modified":"2025-07-22T19:22:36","modified_gmt":"2025-07-22T18:22:36","slug":"homepage","status":"publish","type":"page","link":"https:\/\/www.kentigen.com\/en\/homepage\/","title":{"rendered":"Homepage"},"content":{"rendered":"<p><img fetchpriority=\"high\" decoding=\"async\" width=\"2553\" height=\"867\" src=\"https:\/\/www.kentigen.com\/wp-content\/uploads\/2022\/02\/forma_top.png\" alt=\"\" srcset=\"https:\/\/www.kentigen.com\/wp-content\/uploads\/2022\/02\/forma_top.png 2553w, https:\/\/www.kentigen.com\/wp-content\/uploads\/2022\/02\/forma_top-300x102.png 300w, https:\/\/www.kentigen.com\/wp-content\/uploads\/2022\/02\/forma_top-1024x348.png 1024w, https:\/\/www.kentigen.com\/wp-content\/uploads\/2022\/02\/forma_top-768x261.png 768w, https:\/\/www.kentigen.com\/wp-content\/uploads\/2022\/02\/forma_top-1536x522.png 1536w, https:\/\/www.kentigen.com\/wp-content\/uploads\/2022\/02\/forma_top-2048x696.png 2048w\" sizes=\"(max-width: 2553px) 100vw, 2553px\" \/>\t\t\t\t\t\t\t\t\t\t\t\t\t\t\t<\/p>\n<h1>Jsme Kentigen a bav\u00ed n\u00e1s technologick\u00fd pokrok.<\/h1>\n<p>V\u011b\u0159\u00edme ve <strong>vyv\u00e1\u017eenou kombinaci<\/strong> automatiza\u010dn\u00ed technologie a lidsk\u00e9 pr\u00e1ce.<br \/>R\u00e1di <strong>objevujeme<\/strong> and <strong>vym\u00fd\u0161l\u00edme<\/strong> nov\u00e9 oblasti v r\u016fzn\u00fdch oborech, kde je vyu\u017eit\u00ed stroj\u016f <strong>cenn\u011bj\u0161\u00ed a efektivn\u011bj\u0161\u00ed<\/strong> ne\u017e pr\u00e1ce lid\u00ed.<\/p>\n<p>Kl\u00ed\u010dovou oblast\u00ed na\u0161eho podnik\u00e1n\u00ed je <strong>automatizovan\u00e9 testov\u00e1n\u00ed v s\u00e9riov\u00e9 v\u00fdrob\u011b<\/strong> and <strong>validace<\/strong>.<\/p>\n<p>We create<strong> specializovan\u00e9 jedno\u00fa\u010delov\u00e9 stroje<\/strong>, nej\u010dast\u011bji k automatizaci EOL (end-of-line) testov\u00e1n\u00ed v s\u00e9riov\u00e9 v\u00fdrob\u011b. Vyv\u00edj\u00edme a vyr\u00e1b\u00edme, proto pou\u017e\u00edv\u00e1me <strong>nejnov\u011bj\u0161\u00ed technologie<\/strong>, nab\u00edz\u00edme <strong>unik\u00e1tn\u00ed technick\u00e9 know-how<\/strong> a \u0161irok\u00fd technologick\u00fd p\u0159ehled.<\/p>\n<h2>PR\u016eMYSLOV\u00c9 ZAM\u011a\u0158EN\u00cd<\/h2>\n<figure><img decoding=\"async\" width=\"728\" height=\"728\" src=\"https:\/\/www.kentigen.com\/wp-content\/uploads\/2025\/07\/Picture1.png\" alt=\"\" \/><\/figure>\n<h3>Automotive<\/h3>\n<figure><img decoding=\"async\" width=\"724\" height=\"728\" src=\"https:\/\/www.kentigen.com\/wp-content\/uploads\/2025\/07\/Picture2.png\" alt=\"\" \/><\/figure>\n<h3>Aerospace<\/h3>\n<figure><img loading=\"lazy\" decoding=\"async\" width=\"728\" height=\"728\" src=\"https:\/\/www.kentigen.com\/wp-content\/uploads\/2025\/07\/electronics.png\" alt=\"\" \/><\/figure>\n<h3>Electronics<\/h3>\n<figure><img loading=\"lazy\" decoding=\"async\" width=\"724\" height=\"724\" src=\"https:\/\/www.kentigen.com\/wp-content\/uploads\/2025\/07\/food.png\" alt=\"\" \/><\/figure>\n<h3>Food &amp;&nbsp;Beverage<\/h3>\n<figure><img loading=\"lazy\" decoding=\"async\" width=\"724\" height=\"724\" src=\"https:\/\/www.kentigen.com\/wp-content\/uploads\/2025\/07\/defence.png\" alt=\"\" \/><\/figure>\n<h3>Defence<\/h3>\n<h2>PRODUCT PORTFOLIO<\/h2>\n<p>Lorem ipsum dolor sit amet, consectetur adipiscing elit. Ut elit tellus, luctus nec ullamcorper mattis, pulvinar dapibus leo.<\/p>\n<p>\t\t\t\t\t\t\t\t\t\t\t\t\t\t\t\t<a href=\"https:\/\/www.kentigen.com\/en\/end-of-line\/\"><br \/>\n\t\t\t\t\t\t\t<img loading=\"lazy\" decoding=\"async\" width=\"833\" height=\"833\" src=\"https:\/\/www.kentigen.com\/wp-content\/uploads\/2022\/08\/EofL.png\" alt=\"\" srcset=\"https:\/\/www.kentigen.com\/wp-content\/uploads\/2022\/08\/EofL.png 833w, https:\/\/www.kentigen.com\/wp-content\/uploads\/2022\/08\/EofL-300x300.png 300w, https:\/\/www.kentigen.com\/wp-content\/uploads\/2022\/08\/EofL-150x150.png 150w, https:\/\/www.kentigen.com\/wp-content\/uploads\/2022\/08\/EofL-768x768.png 768w\" sizes=\"(max-width: 833px) 100vw, 833px\" \/>\t\t\t\t\t\t\t\t<\/a><br \/>\n\t\t\t\t\t\t\t\t\t\t\t\t\t\t\t\t<a href=\"https:\/\/www.kentigen.com\/en\/solutions\/\"><br \/>\n\t\t\t\t\t\t\t<img loading=\"lazy\" decoding=\"async\" width=\"833\" height=\"833\" src=\"https:\/\/www.kentigen.com\/wp-content\/uploads\/2022\/08\/SOL.png\" alt=\"\" srcset=\"https:\/\/www.kentigen.com\/wp-content\/uploads\/2022\/08\/SOL.png 833w, https:\/\/www.kentigen.com\/wp-content\/uploads\/2022\/08\/SOL-300x300.png 300w, https:\/\/www.kentigen.com\/wp-content\/uploads\/2022\/08\/SOL-150x150.png 150w, https:\/\/www.kentigen.com\/wp-content\/uploads\/2022\/08\/SOL-768x768.png 768w\" sizes=\"(max-width: 833px) 100vw, 833px\" \/>\t\t\t\t\t\t\t\t<\/a><br \/>\n\t\t\t\t\t\t\t\t\t\t\t\t\t\t\t\t<a href=\"https:\/\/www.kentigen.com\/en\/auxiliary-boards\/\"><br \/>\n\t\t\t\t\t\t\t<img loading=\"lazy\" decoding=\"async\" width=\"2000\" height=\"2000\" src=\"https:\/\/www.kentigen.com\/wp-content\/uploads\/2022\/08\/Sni\u0301mek7-2.png\" alt=\"\" srcset=\"https:\/\/www.kentigen.com\/wp-content\/uploads\/2022\/08\/Sni\u0301mek7-2.png 2000w, https:\/\/www.kentigen.com\/wp-content\/uploads\/2022\/08\/Sni\u0301mek7-2-300x300.png 300w, https:\/\/www.kentigen.com\/wp-content\/uploads\/2022\/08\/Sni\u0301mek7-2-1024x1024.png 1024w, https:\/\/www.kentigen.com\/wp-content\/uploads\/2022\/08\/Sni\u0301mek7-2-150x150.png 150w, https:\/\/www.kentigen.com\/wp-content\/uploads\/2022\/08\/Sni\u0301mek7-2-768x768.png 768w, https:\/\/www.kentigen.com\/wp-content\/uploads\/2022\/08\/Sni\u0301mek7-2-1536x1536.png 1536w\" sizes=\"(max-width: 2000px) 100vw, 2000px\" \/>\t\t\t\t\t\t\t\t<\/a><br \/>\n\t\t\t\t\t\t\t\t\t\t\t\t\t\t\t\t<a href=\"https:\/\/www.kentigen.com\/en\/programming-and-flashing\/\"><br \/>\n\t\t\t\t\t\t\t<img loading=\"lazy\" decoding=\"async\" width=\"833\" height=\"833\" src=\"https:\/\/www.kentigen.com\/wp-content\/uploads\/2022\/08\/PaF.png\" alt=\"\" srcset=\"https:\/\/www.kentigen.com\/wp-content\/uploads\/2022\/08\/PaF.png 833w, https:\/\/www.kentigen.com\/wp-content\/uploads\/2022\/08\/PaF-300x300.png 300w, https:\/\/www.kentigen.com\/wp-content\/uploads\/2022\/08\/PaF-150x150.png 150w, https:\/\/www.kentigen.com\/wp-content\/uploads\/2022\/08\/PaF-768x768.png 768w\" sizes=\"(max-width: 833px) 100vw, 833px\" \/>\t\t\t\t\t\t\t\t<\/a><br \/>\n\t\t\t\t\t\t\t\t\t\t\t\t\t\t\t\t<a href=\"https:\/\/www.kentigen.com\/en\/engineering-services\/\"><br \/>\n\t\t\t\t\t\t\t<img loading=\"lazy\" decoding=\"async\" width=\"1024\" height=\"1024\" src=\"https:\/\/www.kentigen.com\/wp-content\/uploads\/2022\/08\/Sni\u0301mek5-2-1024x1024.png\" alt=\"\" srcset=\"https:\/\/www.kentigen.com\/wp-content\/uploads\/2022\/08\/Sni\u0301mek5-2-1024x1024.png 1024w, https:\/\/www.kentigen.com\/wp-content\/uploads\/2022\/08\/Sni\u0301mek5-2-300x300.png 300w, https:\/\/www.kentigen.com\/wp-content\/uploads\/2022\/08\/Sni\u0301mek5-2-150x150.png 150w, https:\/\/www.kentigen.com\/wp-content\/uploads\/2022\/08\/Sni\u0301mek5-2-768x768.png 768w, https:\/\/www.kentigen.com\/wp-content\/uploads\/2022\/08\/Sni\u0301mek5-2-1536x1536.png 1536w, https:\/\/www.kentigen.com\/wp-content\/uploads\/2022\/08\/Sni\u0301mek5-2.png 2000w\" sizes=\"(max-width: 1024px) 100vw, 1024px\" \/>\t\t\t\t\t\t\t\t<\/a><br \/>\n\t\t\t\t\t\t\t\t\t\t\t\t\t\t\t\t<a href=\"https:\/\/www.kentigen.com\/en\/acroname-2\/\"><br \/>\n\t\t\t\t\t\t\t<img loading=\"lazy\" decoding=\"async\" width=\"833\" height=\"833\" src=\"https:\/\/www.kentigen.com\/wp-content\/uploads\/2022\/08\/dlazdice_vzor6.png\" alt=\"\" srcset=\"https:\/\/www.kentigen.com\/wp-content\/uploads\/2022\/08\/dlazdice_vzor6.png 833w, https:\/\/www.kentigen.com\/wp-content\/uploads\/2022\/08\/dlazdice_vzor6-300x300.png 300w, https:\/\/www.kentigen.com\/wp-content\/uploads\/2022\/08\/dlazdice_vzor6-150x150.png 150w, https:\/\/www.kentigen.com\/wp-content\/uploads\/2022\/08\/dlazdice_vzor6-768x768.png 768w\" sizes=\"(max-width: 833px) 100vw, 833px\" \/>\t\t\t\t\t\t\t\t<\/a><br \/>\n\t\t\t\t\t\t\t\t\t\t\t\t\t\t\t\t<a href=\"https:\/\/www.kentigen.com\/en\/runin-and-endurance\/\"><br \/>\n\t\t\t\t\t\t\t<img loading=\"lazy\" decoding=\"async\" width=\"833\" height=\"833\" src=\"https:\/\/www.kentigen.com\/wp-content\/uploads\/2022\/08\/RaE.png\" alt=\"\" srcset=\"https:\/\/www.kentigen.com\/wp-content\/uploads\/2022\/08\/RaE.png 833w, https:\/\/www.kentigen.com\/wp-content\/uploads\/2022\/08\/RaE-300x300.png 300w, https:\/\/www.kentigen.com\/wp-content\/uploads\/2022\/08\/RaE-150x150.png 150w, https:\/\/www.kentigen.com\/wp-content\/uploads\/2022\/08\/RaE-768x768.png 768w\" sizes=\"(max-width: 833px) 100vw, 833px\" \/>\t\t\t\t\t\t\t\t<\/a><br \/>\n\t\t\t\t\t\t\t\t\t\t\t\t\t\t\t\t<a href=\"https:\/\/www.kentigen.com\/en\/training\/\"><br \/>\n\t\t\t\t\t\t\t<img loading=\"lazy\" decoding=\"async\" width=\"533\" height=\"533\" src=\"https:\/\/www.kentigen.com\/wp-content\/uploads\/2022\/08\/Sni\u0301mek6.png\" alt=\"\" srcset=\"https:\/\/www.kentigen.com\/wp-content\/uploads\/2022\/08\/Sni\u0301mek6.png 2000w, https:\/\/www.kentigen.com\/wp-content\/uploads\/2022\/08\/Sni\u0301mek6-300x300.png 300w, https:\/\/www.kentigen.com\/wp-content\/uploads\/2022\/08\/Sni\u0301mek6-1024x1024.png 1024w, https:\/\/www.kentigen.com\/wp-content\/uploads\/2022\/08\/Sni\u0301mek6-150x150.png 150w, https:\/\/www.kentigen.com\/wp-content\/uploads\/2022\/08\/Sni\u0301mek6-768x768.png 768w, https:\/\/www.kentigen.com\/wp-content\/uploads\/2022\/08\/Sni\u0301mek6-1536x1536.png 1536w\" sizes=\"(max-width: 533px) 100vw, 533px\" \/>\t\t\t\t\t\t\t\t<\/a><br \/>\n\t\t\t\t\t\t\t\t\t\t\t\t\t\t\t\t<a href=\"https:\/\/www.kentigen.com\/en\/toolkits\/\"><br \/>\n\t\t\t\t\t\t\t<img loading=\"lazy\" decoding=\"async\" width=\"1024\" height=\"1024\" src=\"https:\/\/www.kentigen.com\/wp-content\/uploads\/2022\/08\/Sni\u0301mek8-2-1024x1024.png\" alt=\"\" srcset=\"https:\/\/www.kentigen.com\/wp-content\/uploads\/2022\/08\/Sni\u0301mek8-2-1024x1024.png 1024w, https:\/\/www.kentigen.com\/wp-content\/uploads\/2022\/08\/Sni\u0301mek8-2-300x300.png 300w, https:\/\/www.kentigen.com\/wp-content\/uploads\/2022\/08\/Sni\u0301mek8-2-150x150.png 150w, https:\/\/www.kentigen.com\/wp-content\/uploads\/2022\/08\/Sni\u0301mek8-2-768x768.png 768w, https:\/\/www.kentigen.com\/wp-content\/uploads\/2022\/08\/Sni\u0301mek8-2-1536x1536.png 1536w, https:\/\/www.kentigen.com\/wp-content\/uploads\/2022\/08\/Sni\u0301mek8-2.png 2000w\" sizes=\"(max-width: 1024px) 100vw, 1024px\" \/>\t\t\t\t\t\t\t\t<\/a><\/p>\n<h1>References<br \/>\n<\/h1>\n<figure><img decoding=\"async\" src=\"https:\/\/www.kentigen.com\/wp-content\/uploads\/2022\/02\/loga_reference.png\" alt=\"loga_reference\" \/><\/figure>\n<figure><img decoding=\"async\" src=\"https:\/\/www.kentigen.com\/wp-content\/uploads\/2022\/02\/loga_reference2.png\" alt=\"loga_reference2\" \/><\/figure>\n<figure><img decoding=\"async\" src=\"https:\/\/www.kentigen.com\/wp-content\/uploads\/2022\/02\/loga_reference3.png\" alt=\"loga_reference3\" \/><\/figure>\n<figure><img decoding=\"async\" src=\"https:\/\/www.kentigen.com\/wp-content\/uploads\/2022\/02\/loga_reference4.png\" alt=\"loga_reference4\" \/><\/figure>\n<figure><img decoding=\"async\" src=\"https:\/\/www.kentigen.com\/wp-content\/uploads\/2022\/02\/loga_reference6.png\" alt=\"loga_reference6\" \/><\/figure>\n<h1>CoNtaCtS<\/h1>\n<p>\t\t\t\t\t\t\t\t\t\t\t\t\t\t\t<img loading=\"lazy\" decoding=\"async\" width=\"267\" height=\"400\" src=\"https:\/\/www.kentigen.com\/wp-content\/uploads\/2022\/02\/foto_people.png\" alt=\"\" srcset=\"https:\/\/www.kentigen.com\/wp-content\/uploads\/2022\/02\/foto_people.png 267w, https:\/\/www.kentigen.com\/wp-content\/uploads\/2022\/02\/foto_people-200x300.png 200w\" sizes=\"(max-width: 267px) 100vw, 267px\" \/>\t\t\t\t\t\t\t\t\t\t\t\t\t\t\t<\/p>\n<p><strong>Marek Santavy<\/strong><br \/>CEO<br \/>+420 721 77 11 47<br \/><a style=\"color: #ffffff;\" href=\"mailto:marek.santavy@kentigen.com\">marek.santavy@kentigen.com<\/a><\/p>\n<p>\t\t\t\t\t\t\t\t\t\t\t\t\t\t\t<img loading=\"lazy\" decoding=\"async\" width=\"1000\" height=\"1500\" src=\"https:\/\/www.kentigen.com\/wp-content\/uploads\/2022\/08\/business-office-sence.jpg\" alt=\"\" srcset=\"https:\/\/www.kentigen.com\/wp-content\/uploads\/2022\/08\/business-office-sence.jpg 1000w, https:\/\/www.kentigen.com\/wp-content\/uploads\/2022\/08\/business-office-sence-200x300.jpg 200w, https:\/\/www.kentigen.com\/wp-content\/uploads\/2022\/08\/business-office-sence-683x1024.jpg 683w, https:\/\/www.kentigen.com\/wp-content\/uploads\/2022\/08\/business-office-sence-768x1152.jpg 768w\" sizes=\"(max-width: 1000px) 100vw, 1000px\" \/>\t\t\t\t\t\t\t\t\t\t\t\t\t\t\t<\/p>\n<p><strong>Josef Nesleha<br \/><\/strong>CFO<br \/>+ 420 739 235 120<br \/><a style=\"color: #ffffff;\" href=\"mailto:jiri.janosik@kentigen.com\">josef.nesleha@kentigen.com<\/a><\/p>\n<p>\t\t\t\t\t\t\t\t\t\t\t\t\t\t\t<img loading=\"lazy\" decoding=\"async\" width=\"267\" height=\"400\" src=\"https:\/\/www.kentigen.com\/wp-content\/uploads\/2022\/02\/foto_people2.png\" alt=\"\" srcset=\"https:\/\/www.kentigen.com\/wp-content\/uploads\/2022\/02\/foto_people2.png 267w, https:\/\/www.kentigen.com\/wp-content\/uploads\/2022\/02\/foto_people2-200x300.png 200w\" sizes=\"(max-width: 267px) 100vw, 267px\" \/>\t\t\t\t\t\t\t\t\t\t\t\t\t\t\t<\/p>\n<p><strong>Lucie Velcerova<\/strong><br \/>HR Business Partner<br \/>+420 774 909\u00a0641<br \/><a style=\"color: #ffffff;\" href=\"mailto:lucie.velcerova@kentigen.com\">lucie.velcerova@kentigen.com<\/a><\/p>\n<p>\t\t\t\t\t\t\t\t\t\t\t\t\t\t\t<img loading=\"lazy\" decoding=\"async\" width=\"267\" height=\"400\" src=\"https:\/\/www.kentigen.com\/wp-content\/uploads\/2022\/02\/foto_people3.png\" alt=\"\" srcset=\"https:\/\/www.kentigen.com\/wp-content\/uploads\/2022\/02\/foto_people3.png 267w, https:\/\/www.kentigen.com\/wp-content\/uploads\/2022\/02\/foto_people3-200x300.png 200w\" sizes=\"(max-width: 267px) 100vw, 267px\" \/>\t\t\t\t\t\t\t\t\t\t\t\t\t\t\t<\/p>\n<p><strong>Bohumil Kopecny<\/strong><br \/>Operations Manager<br \/>+420 605 162 877<br \/><a style=\"color: #ffffff;\" href=\"mailto:bohumil.kopecny@kentigen.com\">bohumil.kopecny@kentigen.com<\/a><\/p>","protected":false},"excerpt":{"rendered":"<p>Jsme Kentigen a bav\u00ed n\u00e1s technologick\u00fd pokrok. V\u011b\u0159\u00edme ve vyv\u00e1\u017eenou kombinaci automatiza\u010dn\u00ed technologie a lidsk\u00e9 pr\u00e1ce.R\u00e1di objevujeme a vym\u00fd\u0161l\u00edme nov\u00e9 oblasti v r\u016fzn\u00fdch oborech, kde je vyu\u017eit\u00ed stroj\u016f cenn\u011bj\u0161\u00ed a efektivn\u011bj\u0161\u00ed ne\u017e pr\u00e1ce lid\u00ed. Kl\u00ed\u010dovou oblast\u00ed na\u0161eho podnik\u00e1n\u00ed je automatizovan\u00e9 testov\u00e1n\u00ed v s\u00e9riov\u00e9 v\u00fdrob\u011b a validace. Vytv\u00e1\u0159\u00edme specializovan\u00e9 jedno\u00fa\u010delov\u00e9 stroje, nej\u010dast\u011bji k automatizaci EOL (end-of-line) [&hellip;]<\/p>\n","protected":false},"author":5,"featured_media":0,"parent":0,"menu_order":0,"comment_status":"closed","ping_status":"closed","template":"","meta":{"_eb_attr":"","site-sidebar-layout":"no-sidebar","site-content-layout":"page-builder","ast-site-content-layout":"full-width-container","site-content-style":"unboxed","site-sidebar-style":"unboxed","ast-global-header-display":"","ast-banner-title-visibility":"","ast-main-header-display":"","ast-hfb-above-header-display":"","ast-hfb-below-header-display":"","ast-hfb-mobile-header-display":"","site-post-title":"disabled","ast-breadcrumbs-content":"","ast-featured-img":"disabled","footer-sml-layout":"","ast-disable-related-posts":"","theme-transparent-header-meta":"","adv-header-id-meta":"","stick-header-meta":"","header-above-stick-meta":"","header-main-stick-meta":"","header-below-stick-meta":"","astra-migrate-meta-layouts":"set","ast-page-background-enabled":"default","ast-page-background-meta":{"desktop":{"background-color":"var(--ast-global-color-4)","background-image":"","background-repeat":"repeat","background-position":"center center","background-size":"auto","background-attachment":"scroll","background-type":"","background-media":"","overlay-type":"","overlay-color":"","overlay-opacity":"","overlay-gradient":""},"tablet":{"background-color":"","background-image":"","background-repeat":"repeat","background-position":"center center","background-size":"auto","background-attachment":"scroll","background-type":"","background-media":"","overlay-type":"","overlay-color":"","overlay-opacity":"","overlay-gradient":""},"mobile":{"background-color":"","background-image":"","background-repeat":"repeat","background-position":"center center","background-size":"auto","background-attachment":"scroll","background-type":"","background-media":"","overlay-type":"","overlay-color":"","overlay-opacity":"","overlay-gradient":""}},"ast-content-background-meta":{"desktop":{"background-color":"var(--ast-global-color-5)","background-image":"","background-repeat":"repeat","background-position":"center center","background-size":"auto","background-attachment":"scroll","background-type":"","background-media":"","overlay-type":"","overlay-color":"","overlay-opacity":"","overlay-gradient":""},"tablet":{"background-color":"var(--ast-global-color-5)","background-image":"","background-repeat":"repeat","background-position":"center center","background-size":"auto","background-attachment":"scroll","background-type":"","background-media":"","overlay-type":"","overlay-color":"","overlay-opacity":"","overlay-gradient":""},"mobile":{"background-color":"var(--ast-global-color-5)","background-image":"","background-repeat":"repeat","background-position":"center center","background-size":"auto","background-attachment":"scroll","background-type":"","background-media":"","overlay-type":"","overlay-color":"","overlay-opacity":"","overlay-gradient":""}},"footnotes":""},"class_list":["post-3383","page","type-page","status-publish","hentry"],"yoast_head":"<!-- This site is optimized with the Yoast SEO plugin v27.2 - https:\/\/yoast.com\/product\/yoast-seo-wordpress\/ -->\n<title>Homepage | Kentigen<\/title>\n<meta name=\"robots\" content=\"index, follow, max-snippet:-1, max-image-preview:large, max-video-preview:-1\" \/>\n<link rel=\"canonical\" href=\"https:\/\/www.kentigen.com\/en\/homepage\/\" \/>\n<meta property=\"og:locale\" content=\"en_US\" \/>\n<meta property=\"og:type\" content=\"article\" \/>\n<meta property=\"og:title\" content=\"Homepage | Kentigen\" \/>\n<meta property=\"og:description\" content=\"Jsme Kentigen a bav\u00ed n\u00e1s technologick\u00fd pokrok. V\u011b\u0159\u00edme ve vyv\u00e1\u017eenou kombinaci automatiza\u010dn\u00ed technologie a lidsk\u00e9 pr\u00e1ce.R\u00e1di objevujeme a vym\u00fd\u0161l\u00edme nov\u00e9 oblasti v r\u016fzn\u00fdch oborech, kde je vyu\u017eit\u00ed stroj\u016f cenn\u011bj\u0161\u00ed a efektivn\u011bj\u0161\u00ed ne\u017e pr\u00e1ce lid\u00ed. Kl\u00ed\u010dovou oblast\u00ed na\u0161eho podnik\u00e1n\u00ed je automatizovan\u00e9 testov\u00e1n\u00ed v s\u00e9riov\u00e9 v\u00fdrob\u011b a validace. Vytv\u00e1\u0159\u00edme specializovan\u00e9 jedno\u00fa\u010delov\u00e9 stroje, nej\u010dast\u011bji k automatizaci EOL (end-of-line) [&hellip;]\" \/>\n<meta property=\"og:url\" content=\"https:\/\/www.kentigen.com\/en\/homepage\/\" \/>\n<meta property=\"og:site_name\" content=\"Kentigen\" \/>\n<meta property=\"article:publisher\" content=\"https:\/\/www.facebook.com\/kentigencz\" \/>\n<meta property=\"article:modified_time\" content=\"2025-07-22T18:22:36+00:00\" \/>\n<meta property=\"og:image\" content=\"https:\/\/www.kentigen.com\/wp-content\/uploads\/2022\/02\/forma_top.png\" \/>\n<meta name=\"twitter:card\" content=\"summary_large_image\" \/>\n<meta name=\"twitter:label1\" content=\"Est. reading time\" \/>\n\t<meta name=\"twitter:data1\" content=\"6 minutes\" \/>\n<script type=\"application\/ld+json\" class=\"yoast-schema-graph\">{\"@context\":\"https:\/\/schema.org\",\"@graph\":[{\"@type\":\"WebPage\",\"@id\":\"https:\/\/www.kentigen.com\/homepage\/\",\"url\":\"https:\/\/www.kentigen.com\/homepage\/\",\"name\":\"Homepage | Kentigen\",\"isPartOf\":{\"@id\":\"https:\/\/www.kentigen.com\/en\/#website\"},\"primaryImageOfPage\":{\"@id\":\"https:\/\/www.kentigen.com\/homepage\/#primaryimage\"},\"image\":{\"@id\":\"https:\/\/www.kentigen.com\/homepage\/#primaryimage\"},\"thumbnailUrl\":\"https:\/\/www.kentigen.com\/wp-content\/uploads\/2022\/02\/forma_top.png\",\"datePublished\":\"2022-04-13T05:06:02+00:00\",\"dateModified\":\"2025-07-22T18:22:36+00:00\",\"breadcrumb\":{\"@id\":\"https:\/\/www.kentigen.com\/homepage\/#breadcrumb\"},\"inLanguage\":\"en-US\",\"potentialAction\":[{\"@type\":\"ReadAction\",\"target\":[\"https:\/\/www.kentigen.com\/homepage\/\"]}]},{\"@type\":\"ImageObject\",\"inLanguage\":\"en-US\",\"@id\":\"https:\/\/www.kentigen.com\/homepage\/#primaryimage\",\"url\":\"https:\/\/www.kentigen.com\/wp-content\/uploads\/2022\/02\/forma_top.png\",\"contentUrl\":\"https:\/\/www.kentigen.com\/wp-content\/uploads\/2022\/02\/forma_top.png\"},{\"@type\":\"BreadcrumbList\",\"@id\":\"https:\/\/www.kentigen.com\/homepage\/#breadcrumb\",\"itemListElement\":[{\"@type\":\"ListItem\",\"position\":1,\"name\":\"Dom\u016f\",\"item\":\"https:\/\/www.kentigen.com\/\"},{\"@type\":\"ListItem\",\"position\":2,\"name\":\"Homepage\"}]},{\"@type\":\"WebSite\",\"@id\":\"https:\/\/www.kentigen.com\/en\/#website\",\"url\":\"https:\/\/www.kentigen.com\/en\/\",\"name\":\"Kentigen s.r.o.\",\"description\":\"The Art of Industrial Testing\",\"publisher\":{\"@id\":\"https:\/\/www.kentigen.com\/en\/#organization\"},\"alternateName\":\"The Art of Industrial Testing\",\"potentialAction\":[{\"@type\":\"SearchAction\",\"target\":{\"@type\":\"EntryPoint\",\"urlTemplate\":\"https:\/\/www.kentigen.com\/en\/?s={search_term_string}\"},\"query-input\":{\"@type\":\"PropertyValueSpecification\",\"valueRequired\":true,\"valueName\":\"search_term_string\"}}],\"inLanguage\":\"en-US\"},{\"@type\":\"Organization\",\"@id\":\"https:\/\/www.kentigen.com\/en\/#organization\",\"name\":\"Kentigen s.r.o.\",\"alternateName\":\"The Art of Industrial Testing\",\"url\":\"https:\/\/www.kentigen.com\/en\/\",\"logo\":{\"@type\":\"ImageObject\",\"inLanguage\":\"en-US\",\"@id\":\"https:\/\/www.kentigen.com\/en\/#\/schema\/logo\/image\/\",\"url\":\"https:\/\/www.kentigen.com\/wp-content\/uploads\/2021\/12\/cropped-klogo66.png\",\"contentUrl\":\"https:\/\/www.kentigen.com\/wp-content\/uploads\/2021\/12\/cropped-klogo66.png\",\"width\":254,\"height\":66,\"caption\":\"Kentigen s.r.o.\"},\"image\":{\"@id\":\"https:\/\/www.kentigen.com\/en\/#\/schema\/logo\/image\/\"},\"sameAs\":[\"https:\/\/www.facebook.com\/kentigencz\",\"https:\/\/www.linkedin.com\/company\/kentigen\/\"]}]}<\/script>\n<!-- \/ Yoast SEO plugin. -->","yoast_head_json":{"title":"Homepage | Kentigen","robots":{"index":"index","follow":"follow","max-snippet":"max-snippet:-1","max-image-preview":"max-image-preview:large","max-video-preview":"max-video-preview:-1"},"canonical":"https:\/\/www.kentigen.com\/en\/homepage\/","og_locale":"en_US","og_type":"article","og_title":"Homepage | Kentigen","og_description":"Jsme Kentigen a bav\u00ed n\u00e1s technologick\u00fd pokrok. V\u011b\u0159\u00edme ve vyv\u00e1\u017eenou kombinaci automatiza\u010dn\u00ed technologie a lidsk\u00e9 pr\u00e1ce.R\u00e1di objevujeme a vym\u00fd\u0161l\u00edme nov\u00e9 oblasti v r\u016fzn\u00fdch oborech, kde je vyu\u017eit\u00ed stroj\u016f cenn\u011bj\u0161\u00ed a efektivn\u011bj\u0161\u00ed ne\u017e pr\u00e1ce lid\u00ed. Kl\u00ed\u010dovou oblast\u00ed na\u0161eho podnik\u00e1n\u00ed je automatizovan\u00e9 testov\u00e1n\u00ed v s\u00e9riov\u00e9 v\u00fdrob\u011b a validace. Vytv\u00e1\u0159\u00edme specializovan\u00e9 jedno\u00fa\u010delov\u00e9 stroje, nej\u010dast\u011bji k automatizaci EOL (end-of-line) [&hellip;]","og_url":"https:\/\/www.kentigen.com\/en\/homepage\/","og_site_name":"Kentigen","article_publisher":"https:\/\/www.facebook.com\/kentigencz","article_modified_time":"2025-07-22T18:22:36+00:00","og_image":[{"url":"https:\/\/www.kentigen.com\/wp-content\/uploads\/2022\/02\/forma_top.png","type":"","width":"","height":""}],"twitter_card":"summary_large_image","twitter_misc":{"Est. reading time":"6 minutes"},"schema":{"@context":"https:\/\/schema.org","@graph":[{"@type":"WebPage","@id":"https:\/\/www.kentigen.com\/homepage\/","url":"https:\/\/www.kentigen.com\/homepage\/","name":"Homepage | Kentigen","isPartOf":{"@id":"https:\/\/www.kentigen.com\/en\/#website"},"primaryImageOfPage":{"@id":"https:\/\/www.kentigen.com\/homepage\/#primaryimage"},"image":{"@id":"https:\/\/www.kentigen.com\/homepage\/#primaryimage"},"thumbnailUrl":"https:\/\/www.kentigen.com\/wp-content\/uploads\/2022\/02\/forma_top.png","datePublished":"2022-04-13T05:06:02+00:00","dateModified":"2025-07-22T18:22:36+00:00","breadcrumb":{"@id":"https:\/\/www.kentigen.com\/homepage\/#breadcrumb"},"inLanguage":"en-US","potentialAction":[{"@type":"ReadAction","target":["https:\/\/www.kentigen.com\/homepage\/"]}]},{"@type":"ImageObject","inLanguage":"en-US","@id":"https:\/\/www.kentigen.com\/homepage\/#primaryimage","url":"https:\/\/www.kentigen.com\/wp-content\/uploads\/2022\/02\/forma_top.png","contentUrl":"https:\/\/www.kentigen.com\/wp-content\/uploads\/2022\/02\/forma_top.png"},{"@type":"BreadcrumbList","@id":"https:\/\/www.kentigen.com\/homepage\/#breadcrumb","itemListElement":[{"@type":"ListItem","position":1,"name":"Dom\u016f","item":"https:\/\/www.kentigen.com\/"},{"@type":"ListItem","position":2,"name":"Homepage"}]},{"@type":"WebSite","@id":"https:\/\/www.kentigen.com\/en\/#website","url":"https:\/\/www.kentigen.com\/en\/","name":"Kentigen s.r.o.","description":"The Art of Industrial Testing","publisher":{"@id":"https:\/\/www.kentigen.com\/en\/#organization"},"alternateName":"The Art of Industrial Testing","potentialAction":[{"@type":"SearchAction","target":{"@type":"EntryPoint","urlTemplate":"https:\/\/www.kentigen.com\/en\/?s={search_term_string}"},"query-input":{"@type":"PropertyValueSpecification","valueRequired":true,"valueName":"search_term_string"}}],"inLanguage":"en-US"},{"@type":"Organization","@id":"https:\/\/www.kentigen.com\/en\/#organization","name":"Kentigen s.r.o.","alternateName":"The Art of Industrial Testing","url":"https:\/\/www.kentigen.com\/en\/","logo":{"@type":"ImageObject","inLanguage":"en-US","@id":"https:\/\/www.kentigen.com\/en\/#\/schema\/logo\/image\/","url":"https:\/\/www.kentigen.com\/wp-content\/uploads\/2021\/12\/cropped-klogo66.png","contentUrl":"https:\/\/www.kentigen.com\/wp-content\/uploads\/2021\/12\/cropped-klogo66.png","width":254,"height":66,"caption":"Kentigen s.r.o."},"image":{"@id":"https:\/\/www.kentigen.com\/en\/#\/schema\/logo\/image\/"},"sameAs":["https:\/\/www.facebook.com\/kentigencz","https:\/\/www.linkedin.com\/company\/kentigen\/"]}]}},"jetpack_sharing_enabled":true,"_links":{"self":[{"href":"https:\/\/www.kentigen.com\/en\/wp-json\/wp\/v2\/pages\/3383","targetHints":{"allow":["GET"]}}],"collection":[{"href":"https:\/\/www.kentigen.com\/en\/wp-json\/wp\/v2\/pages"}],"about":[{"href":"https:\/\/www.kentigen.com\/en\/wp-json\/wp\/v2\/types\/page"}],"author":[{"embeddable":true,"href":"https:\/\/www.kentigen.com\/en\/wp-json\/wp\/v2\/users\/5"}],"replies":[{"embeddable":true,"href":"https:\/\/www.kentigen.com\/en\/wp-json\/wp\/v2\/comments?post=3383"}],"version-history":[{"count":40,"href":"https:\/\/www.kentigen.com\/en\/wp-json\/wp\/v2\/pages\/3383\/revisions"}],"predecessor-version":[{"id":10176,"href":"https:\/\/www.kentigen.com\/en\/wp-json\/wp\/v2\/pages\/3383\/revisions\/10176"}],"wp:attachment":[{"href":"https:\/\/www.kentigen.com\/en\/wp-json\/wp\/v2\/media?parent=3383"}],"curies":[{"name":"wp","href":"https:\/\/api.w.org\/{rel}","templated":true}]}}