{"id":10769,"date":"2026-04-25T19:55:11","date_gmt":"2026-04-25T18:55:11","guid":{"rendered":"https:\/\/www.kentigen.com\/?page_id=10769"},"modified":"2026-04-25T20:43:19","modified_gmt":"2026-04-25T19:43:19","slug":"industries","status":"publish","type":"page","link":"https:\/\/www.kentigen.com\/en\/industries\/","title":{"rendered":"Industries"},"content":{"rendered":"<div data-elementor-type=\"wp-page\" data-elementor-id=\"10769\" class=\"elementor elementor-10769\" data-elementor-post-type=\"page\">\n\t\t\t\t\t\t<section class=\"elementor-section elementor-top-section elementor-element elementor-element-c779aa3 elementor-section-boxed elementor-section-height-default elementor-section-height-default exad-glass-effect-no exad-sticky-section-no\" data-id=\"c779aa3\" data-element_type=\"section\" data-e-type=\"section\">\n\t\t\t\t\t\t<div class=\"elementor-container elementor-column-gap-default\">\n\t\t\t\t\t<div class=\"elementor-column elementor-col-100 elementor-top-column elementor-element elementor-element-3ff55fe exad-glass-effect-no exad-sticky-section-no\" data-id=\"3ff55fe\" data-element_type=\"column\" data-e-type=\"column\">\n\t\t\t<div class=\"elementor-widget-wrap elementor-element-populated\">\n\t\t\t\t\t\t<div class=\"elementor-element elementor-element-64dc962 exad-sticky-section-no exad-glass-effect-no elementor-widget elementor-widget-heading\" data-id=\"64dc962\" data-element_type=\"widget\" data-e-type=\"widget\" data-widget_type=\"heading.default\">\n\t\t\t\t<div class=\"elementor-widget-container\">\n\t\t\t\t\t<h2 class=\"elementor-heading-title elementor-size-default\">KENTIGEN INDUSTRIES<\/h2>\t\t\t\t<\/div>\n\t\t\t\t<\/div>\n\t\t\t\t\t<\/div>\n\t\t<\/div>\n\t\t\t\t\t<\/div>\n\t\t<\/section>\n\t\t\t\t<section class=\"elementor-section elementor-top-section elementor-element elementor-element-0505e6e elementor-section-boxed elementor-section-height-default elementor-section-height-default exad-glass-effect-no exad-sticky-section-no\" data-id=\"0505e6e\" data-element_type=\"section\" data-e-type=\"section\">\n\t\t\t\t\t\t<div class=\"elementor-container elementor-column-gap-default\">\n\t\t\t\t\t<div class=\"elementor-column elementor-col-100 elementor-top-column elementor-element elementor-element-92271db exad-glass-effect-no exad-sticky-section-no\" data-id=\"92271db\" data-element_type=\"column\" data-e-type=\"column\">\n\t\t\t<div class=\"elementor-widget-wrap elementor-element-populated\">\n\t\t\t\t\t\t<div class=\"elementor-element elementor-element-b46f065 elementor-arrows-position-inside elementor-pagination-position-outside exad-sticky-section-no exad-glass-effect-no elementor-widget elementor-widget-image-carousel\" data-id=\"b46f065\" data-element_type=\"widget\" data-e-type=\"widget\" data-settings=\"{&quot;navigation&quot;:&quot;both&quot;,&quot;autoplay&quot;:&quot;yes&quot;,&quot;pause_on_hover&quot;:&quot;yes&quot;,&quot;pause_on_interaction&quot;:&quot;yes&quot;,&quot;autoplay_speed&quot;:5000,&quot;infinite&quot;:&quot;yes&quot;,&quot;speed&quot;:500}\" data-widget_type=\"image-carousel.default\">\n\t\t\t\t<div class=\"elementor-widget-container\">\n\t\t\t\t\t\t\t<div class=\"elementor-image-carousel-wrapper swiper\" role=\"region\" aria-roledescription=\"carousel\" aria-label=\"Obr\u00e1zkov\u00fd koloto\u010d\" dir=\"ltr\">\n\t\t\t<div class=\"elementor-image-carousel swiper-wrapper\" aria-live=\"off\">\n\t\t\t\t\t\t\t\t<div class=\"swiper-slide\" role=\"group\" aria-roledescription=\"slide\" aria-label=\"1 z 5\"><figure class=\"swiper-slide-inner\"><img decoding=\"async\" class=\"swiper-slide-image\" src=\"https:\/\/www.kentigen.com\/wp-content\/uploads\/2025\/07\/Miniatury-stroju-ctverec-1-300x300.png\" alt=\"Miniatury stroj\u016f \u010dtverec\" \/><\/figure><\/div><div class=\"swiper-slide\" role=\"group\" aria-roledescription=\"slide\" aria-label=\"2 z 5\"><figure class=\"swiper-slide-inner\"><img decoding=\"async\" class=\"swiper-slide-image\" src=\"https:\/\/www.kentigen.com\/wp-content\/uploads\/2025\/07\/Miniatury-stroju-ctverec1-1-300x300.png\" alt=\"Miniatury stroj\u016f \u010dtverec(1)\" \/><\/figure><\/div><div class=\"swiper-slide\" role=\"group\" aria-roledescription=\"slide\" aria-label=\"3 z 5\"><figure class=\"swiper-slide-inner\"><img decoding=\"async\" class=\"swiper-slide-image\" src=\"https:\/\/www.kentigen.com\/wp-content\/uploads\/2025\/07\/Miniatury-stroju-ctverec2-1-300x300.png\" alt=\"Miniatury stroj\u016f \u010dtverec(2)\" \/><\/figure><\/div><div class=\"swiper-slide\" role=\"group\" aria-roledescription=\"slide\" aria-label=\"4 z 5\"><figure class=\"swiper-slide-inner\"><img decoding=\"async\" class=\"swiper-slide-image\" src=\"https:\/\/www.kentigen.com\/wp-content\/uploads\/2025\/07\/Miniatury-stroju-ctverec3-1-300x300.png\" alt=\"Miniatury stroj\u016f \u010dtverec(3)\" \/><\/figure><\/div><div class=\"swiper-slide\" role=\"group\" aria-roledescription=\"slide\" aria-label=\"5 z 5\"><figure class=\"swiper-slide-inner\"><img decoding=\"async\" class=\"swiper-slide-image\" src=\"https:\/\/www.kentigen.com\/wp-content\/uploads\/2025\/07\/Miniatury-stroju-ctverec4-1-300x300.png\" alt=\"Miniatury stroj\u016f \u010dtverec(4)\" \/><\/figure><\/div>\t\t\t<\/div>\n\t\t\t\t\t\t\t\t\t\t\t\t<div class=\"elementor-swiper-button elementor-swiper-button-prev\" role=\"button\" tabindex=\"0\">\n\t\t\t\t\t\t<i aria-hidden=\"true\" class=\"eicon-chevron-left\"><\/i>\t\t\t\t\t<\/div>\n\t\t\t\t\t<div class=\"elementor-swiper-button elementor-swiper-button-next\" role=\"button\" tabindex=\"0\">\n\t\t\t\t\t\t<i aria-hidden=\"true\" class=\"eicon-chevron-right\"><\/i>\t\t\t\t\t<\/div>\n\t\t\t\t\n\t\t\t\t\t\t\t\t\t<div class=\"swiper-pagination\"><\/div>\n\t\t\t\t\t\t\t\t\t<\/div>\n\t\t\t\t\t\t<\/div>\n\t\t\t\t<\/div>\n\t\t\t\t\t<\/div>\n\t\t<\/div>\n\t\t\t\t\t<\/div>\n\t\t<\/section>\n\t\t\t\t<\/div>","protected":false},"excerpt":{"rendered":"<p>KENTIGEN INDUSTRIES<\/p>","protected":false},"author":5,"featured_media":0,"parent":0,"menu_order":0,"comment_status":"closed","ping_status":"closed","template":"","meta":{"_eb_attr":"","site-sidebar-layout":"no-sidebar","site-content-layout":"page-builder","ast-site-content-layout":"full-width-container","site-content-style":"default","site-sidebar-style":"default","ast-global-header-display":"","ast-banner-title-visibility":"","ast-main-header-display":"","ast-hfb-above-header-display":"","ast-hfb-below-header-display":"","ast-hfb-mobile-header-display":"","site-post-title":"disabled","ast-breadcrumbs-content":"","ast-featured-img":"disabled","footer-sml-layout":"","ast-disable-related-posts":"","theme-transparent-header-meta":"","adv-header-id-meta":"","stick-header-meta":"","header-above-stick-meta":"","header-main-stick-meta":"","header-below-stick-meta":"","astra-migrate-meta-layouts":"set","ast-page-background-enabled":"default","ast-page-background-meta":{"desktop":{"background-color":"var(--ast-global-color-4)","background-image":"","background-repeat":"repeat","background-position":"center center","background-size":"auto","background-attachment":"scroll","background-type":"","background-media":"","overlay-type":"","overlay-color":"","overlay-opacity":"","overlay-gradient":""},"tablet":{"background-color":"","background-image":"","background-repeat":"repeat","background-position":"center center","background-size":"auto","background-attachment":"scroll","background-type":"","background-media":"","overlay-type":"","overlay-color":"","overlay-opacity":"","overlay-gradient":""},"mobile":{"background-color":"","background-image":"","background-repeat":"repeat","background-position":"center center","background-size":"auto","background-attachment":"scroll","background-type":"","background-media":"","overlay-type":"","overlay-color":"","overlay-opacity":"","overlay-gradient":""}},"ast-content-background-meta":{"desktop":{"background-color":"var(--ast-global-color-5)","background-image":"","background-repeat":"repeat","background-position":"center center","background-size":"auto","background-attachment":"scroll","background-type":"","background-media":"","overlay-type":"","overlay-color":"","overlay-opacity":"","overlay-gradient":""},"tablet":{"background-color":"var(--ast-global-color-5)","background-image":"","background-repeat":"repeat","background-position":"center center","background-size":"auto","background-attachment":"scroll","background-type":"","background-media":"","overlay-type":"","overlay-color":"","overlay-opacity":"","overlay-gradient":""},"mobile":{"background-color":"var(--ast-global-color-5)","background-image":"","background-repeat":"repeat","background-position":"center center","background-size":"auto","background-attachment":"scroll","background-type":"","background-media":"","overlay-type":"","overlay-color":"","overlay-opacity":"","overlay-gradient":""}},"footnotes":""},"class_list":["post-10769","page","type-page","status-publish","hentry"],"yoast_head":"<!-- This site is optimized with the Yoast SEO plugin v27.2 - https:\/\/yoast.com\/product\/yoast-seo-wordpress\/ -->\n<title>Odv\u011btv\u00ed | Kentigen<\/title>\n<meta name=\"robots\" content=\"index, follow, max-snippet:-1, max-image-preview:large, max-video-preview:-1\" \/>\n<link rel=\"canonical\" href=\"https:\/\/www.kentigen.com\/en\/industries\/\" \/>\n<meta property=\"og:locale\" content=\"en_US\" \/>\n<meta property=\"og:type\" content=\"article\" \/>\n<meta property=\"og:title\" content=\"Odv\u011btv\u00ed | Kentigen\" \/>\n<meta property=\"og:description\" content=\"NA\u0160E ODV\u011aTV\u00cd\" \/>\n<meta property=\"og:url\" content=\"https:\/\/www.kentigen.com\/en\/industries\/\" \/>\n<meta property=\"og:site_name\" content=\"Kentigen\" \/>\n<meta property=\"article:publisher\" content=\"https:\/\/www.facebook.com\/kentigencz\" \/>\n<meta property=\"article:modified_time\" content=\"2026-04-25T19:43:19+00:00\" \/>\n<meta property=\"og:image\" content=\"https:\/\/www.kentigen.com\/wp-content\/uploads\/2025\/07\/Miniatury-stroju-ctverec-1-300x300.png\" \/>\n<meta name=\"twitter:card\" content=\"summary_large_image\" \/>\n<meta name=\"twitter:label1\" content=\"Est. reading time\" \/>\n\t<meta name=\"twitter:data1\" content=\"2 minutes\" \/>\n<script type=\"application\/ld+json\" class=\"yoast-schema-graph\">{\"@context\":\"https:\/\/schema.org\",\"@graph\":[{\"@type\":\"WebPage\",\"@id\":\"https:\/\/www.kentigen.com\/industries\/\",\"url\":\"https:\/\/www.kentigen.com\/industries\/\",\"name\":\"Odv\u011btv\u00ed | Kentigen\",\"isPartOf\":{\"@id\":\"https:\/\/www.kentigen.com\/en\/#website\"},\"primaryImageOfPage\":{\"@id\":\"https:\/\/www.kentigen.com\/industries\/#primaryimage\"},\"image\":{\"@id\":\"https:\/\/www.kentigen.com\/industries\/#primaryimage\"},\"thumbnailUrl\":\"https:\/\/www.kentigen.com\/wp-content\/uploads\/2025\/07\/Miniatury-stroju-ctverec-1-300x300.png\",\"datePublished\":\"2026-04-25T18:55:11+00:00\",\"dateModified\":\"2026-04-25T19:43:19+00:00\",\"breadcrumb\":{\"@id\":\"https:\/\/www.kentigen.com\/industries\/#breadcrumb\"},\"inLanguage\":\"en-US\",\"potentialAction\":[{\"@type\":\"ReadAction\",\"target\":[\"https:\/\/www.kentigen.com\/industries\/\"]}]},{\"@type\":\"ImageObject\",\"inLanguage\":\"en-US\",\"@id\":\"https:\/\/www.kentigen.com\/industries\/#primaryimage\",\"url\":\"https:\/\/www.kentigen.com\/wp-content\/uploads\/2025\/07\/Miniatury-stroju-ctverec-1-300x300.png\",\"contentUrl\":\"https:\/\/www.kentigen.com\/wp-content\/uploads\/2025\/07\/Miniatury-stroju-ctverec-1-300x300.png\"},{\"@type\":\"BreadcrumbList\",\"@id\":\"https:\/\/www.kentigen.com\/industries\/#breadcrumb\",\"itemListElement\":[{\"@type\":\"ListItem\",\"position\":1,\"name\":\"Dom\u016f\",\"item\":\"https:\/\/www.kentigen.com\/\"},{\"@type\":\"ListItem\",\"position\":2,\"name\":\"Odv\u011btv\u00ed\"}]},{\"@type\":\"WebSite\",\"@id\":\"https:\/\/www.kentigen.com\/en\/#website\",\"url\":\"https:\/\/www.kentigen.com\/en\/\",\"name\":\"Kentigen s.r.o.\",\"description\":\"The Art of Industrial Testing\",\"publisher\":{\"@id\":\"https:\/\/www.kentigen.com\/en\/#organization\"},\"alternateName\":\"The Art of Industrial Testing\",\"potentialAction\":[{\"@type\":\"SearchAction\",\"target\":{\"@type\":\"EntryPoint\",\"urlTemplate\":\"https:\/\/www.kentigen.com\/en\/?s={search_term_string}\"},\"query-input\":{\"@type\":\"PropertyValueSpecification\",\"valueRequired\":true,\"valueName\":\"search_term_string\"}}],\"inLanguage\":\"en-US\"},{\"@type\":\"Organization\",\"@id\":\"https:\/\/www.kentigen.com\/en\/#organization\",\"name\":\"Kentigen s.r.o.\",\"alternateName\":\"The Art of Industrial Testing\",\"url\":\"https:\/\/www.kentigen.com\/en\/\",\"logo\":{\"@type\":\"ImageObject\",\"inLanguage\":\"en-US\",\"@id\":\"https:\/\/www.kentigen.com\/en\/#\/schema\/logo\/image\/\",\"url\":\"https:\/\/www.kentigen.com\/wp-content\/uploads\/2021\/12\/cropped-klogo66.png\",\"contentUrl\":\"https:\/\/www.kentigen.com\/wp-content\/uploads\/2021\/12\/cropped-klogo66.png\",\"width\":254,\"height\":66,\"caption\":\"Kentigen s.r.o.\"},\"image\":{\"@id\":\"https:\/\/www.kentigen.com\/en\/#\/schema\/logo\/image\/\"},\"sameAs\":[\"https:\/\/www.facebook.com\/kentigencz\",\"https:\/\/www.linkedin.com\/company\/kentigen\/\"]}]}<\/script>\n<!-- \/ Yoast SEO plugin. -->","yoast_head_json":{"title":"Odv\u011btv\u00ed | Kentigen","robots":{"index":"index","follow":"follow","max-snippet":"max-snippet:-1","max-image-preview":"max-image-preview:large","max-video-preview":"max-video-preview:-1"},"canonical":"https:\/\/www.kentigen.com\/en\/industries\/","og_locale":"en_US","og_type":"article","og_title":"Odv\u011btv\u00ed | Kentigen","og_description":"NA\u0160E ODV\u011aTV\u00cd","og_url":"https:\/\/www.kentigen.com\/en\/industries\/","og_site_name":"Kentigen","article_publisher":"https:\/\/www.facebook.com\/kentigencz","article_modified_time":"2026-04-25T19:43:19+00:00","og_image":[{"url":"https:\/\/www.kentigen.com\/wp-content\/uploads\/2025\/07\/Miniatury-stroju-ctverec-1-300x300.png","type":"","width":"","height":""}],"twitter_card":"summary_large_image","twitter_misc":{"Est. reading time":"2 minutes"},"schema":{"@context":"https:\/\/schema.org","@graph":[{"@type":"WebPage","@id":"https:\/\/www.kentigen.com\/industries\/","url":"https:\/\/www.kentigen.com\/industries\/","name":"Odv\u011btv\u00ed | Kentigen","isPartOf":{"@id":"https:\/\/www.kentigen.com\/en\/#website"},"primaryImageOfPage":{"@id":"https:\/\/www.kentigen.com\/industries\/#primaryimage"},"image":{"@id":"https:\/\/www.kentigen.com\/industries\/#primaryimage"},"thumbnailUrl":"https:\/\/www.kentigen.com\/wp-content\/uploads\/2025\/07\/Miniatury-stroju-ctverec-1-300x300.png","datePublished":"2026-04-25T18:55:11+00:00","dateModified":"2026-04-25T19:43:19+00:00","breadcrumb":{"@id":"https:\/\/www.kentigen.com\/industries\/#breadcrumb"},"inLanguage":"en-US","potentialAction":[{"@type":"ReadAction","target":["https:\/\/www.kentigen.com\/industries\/"]}]},{"@type":"ImageObject","inLanguage":"en-US","@id":"https:\/\/www.kentigen.com\/industries\/#primaryimage","url":"https:\/\/www.kentigen.com\/wp-content\/uploads\/2025\/07\/Miniatury-stroju-ctverec-1-300x300.png","contentUrl":"https:\/\/www.kentigen.com\/wp-content\/uploads\/2025\/07\/Miniatury-stroju-ctverec-1-300x300.png"},{"@type":"BreadcrumbList","@id":"https:\/\/www.kentigen.com\/industries\/#breadcrumb","itemListElement":[{"@type":"ListItem","position":1,"name":"Dom\u016f","item":"https:\/\/www.kentigen.com\/"},{"@type":"ListItem","position":2,"name":"Odv\u011btv\u00ed"}]},{"@type":"WebSite","@id":"https:\/\/www.kentigen.com\/en\/#website","url":"https:\/\/www.kentigen.com\/en\/","name":"Kentigen s.r.o.","description":"The Art of Industrial Testing","publisher":{"@id":"https:\/\/www.kentigen.com\/en\/#organization"},"alternateName":"The Art of Industrial Testing","potentialAction":[{"@type":"SearchAction","target":{"@type":"EntryPoint","urlTemplate":"https:\/\/www.kentigen.com\/en\/?s={search_term_string}"},"query-input":{"@type":"PropertyValueSpecification","valueRequired":true,"valueName":"search_term_string"}}],"inLanguage":"en-US"},{"@type":"Organization","@id":"https:\/\/www.kentigen.com\/en\/#organization","name":"Kentigen s.r.o.","alternateName":"The Art of Industrial Testing","url":"https:\/\/www.kentigen.com\/en\/","logo":{"@type":"ImageObject","inLanguage":"en-US","@id":"https:\/\/www.kentigen.com\/en\/#\/schema\/logo\/image\/","url":"https:\/\/www.kentigen.com\/wp-content\/uploads\/2021\/12\/cropped-klogo66.png","contentUrl":"https:\/\/www.kentigen.com\/wp-content\/uploads\/2021\/12\/cropped-klogo66.png","width":254,"height":66,"caption":"Kentigen s.r.o."},"image":{"@id":"https:\/\/www.kentigen.com\/en\/#\/schema\/logo\/image\/"},"sameAs":["https:\/\/www.facebook.com\/kentigencz","https:\/\/www.linkedin.com\/company\/kentigen\/"]}]}},"jetpack_sharing_enabled":true,"_links":{"self":[{"href":"https:\/\/www.kentigen.com\/en\/wp-json\/wp\/v2\/pages\/10769","targetHints":{"allow":["GET"]}}],"collection":[{"href":"https:\/\/www.kentigen.com\/en\/wp-json\/wp\/v2\/pages"}],"about":[{"href":"https:\/\/www.kentigen.com\/en\/wp-json\/wp\/v2\/types\/page"}],"author":[{"embeddable":true,"href":"https:\/\/www.kentigen.com\/en\/wp-json\/wp\/v2\/users\/5"}],"replies":[{"embeddable":true,"href":"https:\/\/www.kentigen.com\/en\/wp-json\/wp\/v2\/comments?post=10769"}],"version-history":[{"count":13,"href":"https:\/\/www.kentigen.com\/en\/wp-json\/wp\/v2\/pages\/10769\/revisions"}],"predecessor-version":[{"id":10784,"href":"https:\/\/www.kentigen.com\/en\/wp-json\/wp\/v2\/pages\/10769\/revisions\/10784"}],"wp:attachment":[{"href":"https:\/\/www.kentigen.com\/en\/wp-json\/wp\/v2\/media?parent=10769"}],"curies":[{"name":"wp","href":"https:\/\/api.w.org\/{rel}","templated":true}]}}